{"id":4428,"date":"2024-12-20T16:01:39","date_gmt":"2024-12-20T15:01:39","guid":{"rendered":"https:\/\/gitesbelesta66.com\/?page_id=4428"},"modified":"2025-01-29T16:56:04","modified_gmt":"2025-01-29T15:56:04","slug":"politique-de-confidentialite-2","status":"publish","type":"page","link":"https:\/\/gitesbelesta66.com\/index.php\/politique-de-confidentialite-2\/","title":{"rendered":"Politique de confidentialit\u00e9"},"content":{"rendered":"","protected":false},"excerpt":{"rendered":"","protected":false},"author":1,"featured_media":0,"parent":0,"menu_order":0,"comment_status":"closed","ping_status":"closed","template":"","meta":{"om_disable_all_campaigns":false,"_uf_show_specific_survey":0,"_uf_disable_surveys":false,"footnotes":""},"class_list":["post-4428","page","type-page","status-publish","hentry"],"aioseo_notices":[],"yoast_head":"<!-- This site is optimized with the Yoast SEO plugin v27.4 - https:\/\/yoast.com\/product\/yoast-seo-wordpress\/ -->\n<title>Politique de confidentialit\u00e9 | G\u00eete \u00e0 B\u00e9lesta (66) et Puilaurens<\/title>\n<meta name=\"description\" content=\"D\u00e9couvrez notre politique pour la r\u00e9servation de nos g\u00eetes \u00e0 B\u00e9lesta (66) et Puilaurens. Nous nous engageons \u00e0 prot\u00e9ger vos donn\u00e9es.\" \/>\n<meta name=\"robots\" content=\"noindex, follow\" \/>\n<meta property=\"og:locale\" content=\"fr_FR\" \/>\n<meta property=\"og:type\" content=\"article\" \/>\n<meta property=\"og:title\" content=\"Politique de confidentialit\u00e9 | G\u00eete \u00e0 B\u00e9lesta (66) et Puilaurens\" \/>\n<meta property=\"og:description\" content=\"D\u00e9couvrez notre politique pour la r\u00e9servation de nos g\u00eetes \u00e0 B\u00e9lesta (66) et Puilaurens. Nous nous engageons \u00e0 prot\u00e9ger vos donn\u00e9es.\" \/>\n<meta property=\"og:url\" content=\"https:\/\/gitesbelesta66.com\/index.php\/politique-de-confidentialite-2\/\" \/>\n<meta property=\"og:site_name\" content=\"gitesbelesta66.com\" \/>\n<meta property=\"article:modified_time\" content=\"2025-01-29T15:56:04+00:00\" \/>\n<meta name=\"twitter:card\" content=\"summary_large_image\" \/>\n<script type=\"application\/ld+json\" class=\"yoast-schema-graph\">{\"@context\":\"https:\\\/\\\/schema.org\",\"@graph\":[{\"@type\":\"WebPage\",\"@id\":\"https:\\\/\\\/gitesbelesta66.com\\\/index.php\\\/politique-de-confidentialite-2\\\/\",\"url\":\"https:\\\/\\\/gitesbelesta66.com\\\/index.php\\\/politique-de-confidentialite-2\\\/\",\"name\":\"Politique de confidentialit\u00e9 | G\u00eete \u00e0 B\u00e9lesta (66) et Puilaurens\",\"isPartOf\":{\"@id\":\"https:\\\/\\\/gitesbelesta66.com\\\/#website\"},\"datePublished\":\"2024-12-20T15:01:39+00:00\",\"dateModified\":\"2025-01-29T15:56:04+00:00\",\"description\":\"D\u00e9couvrez notre politique pour la r\u00e9servation de nos g\u00eetes \u00e0 B\u00e9lesta (66) et Puilaurens. Nous nous engageons \u00e0 prot\u00e9ger vos donn\u00e9es.\",\"breadcrumb\":{\"@id\":\"https:\\\/\\\/gitesbelesta66.com\\\/index.php\\\/politique-de-confidentialite-2\\\/#breadcrumb\"},\"inLanguage\":\"fr-FR\",\"potentialAction\":[{\"@type\":\"ReadAction\",\"target\":[\"https:\\\/\\\/gitesbelesta66.com\\\/index.php\\\/politique-de-confidentialite-2\\\/\"]}]},{\"@type\":\"BreadcrumbList\",\"@id\":\"https:\\\/\\\/gitesbelesta66.com\\\/index.php\\\/politique-de-confidentialite-2\\\/#breadcrumb\",\"itemListElement\":[{\"@type\":\"ListItem\",\"position\":1,\"name\":\"Accueil\",\"item\":\"https:\\\/\\\/gitesbelesta66.com\\\/\"},{\"@type\":\"ListItem\",\"position\":2,\"name\":\"Politique de confidentialit\u00e9\"}]},{\"@type\":\"WebSite\",\"@id\":\"https:\\\/\\\/gitesbelesta66.com\\\/#website\",\"url\":\"https:\\\/\\\/gitesbelesta66.com\\\/\",\"name\":\"gitesbelesta66.com\",\"description\":\"\",\"publisher\":{\"@id\":\"https:\\\/\\\/gitesbelesta66.com\\\/#organization\"},\"potentialAction\":[{\"@type\":\"SearchAction\",\"target\":{\"@type\":\"EntryPoint\",\"urlTemplate\":\"https:\\\/\\\/gitesbelesta66.com\\\/?s={search_term_string}\"},\"query-input\":{\"@type\":\"PropertyValueSpecification\",\"valueRequired\":true,\"valueName\":\"search_term_string\"}}],\"inLanguage\":\"fr-FR\"},{\"@type\":\"Organization\",\"@id\":\"https:\\\/\\\/gitesbelesta66.com\\\/#organization\",\"name\":\"gitesbelesta66.com\",\"url\":\"https:\\\/\\\/gitesbelesta66.com\\\/\",\"logo\":{\"@type\":\"ImageObject\",\"inLanguage\":\"fr-FR\",\"@id\":\"https:\\\/\\\/gitesbelesta66.com\\\/#\\\/schema\\\/logo\\\/image\\\/\",\"url\":\"http:\\\/\\\/gitesbelesta66.com\\\/wp-content\\\/uploads\\\/2024\\\/12\\\/gites-les-maisons-du-bonheur-gites-belesta-logo.png\",\"contentUrl\":\"http:\\\/\\\/gitesbelesta66.com\\\/wp-content\\\/uploads\\\/2024\\\/12\\\/gites-les-maisons-du-bonheur-gites-belesta-logo.png\",\"width\":230,\"height\":200,\"caption\":\"gitesbelesta66.com\"},\"image\":{\"@id\":\"https:\\\/\\\/gitesbelesta66.com\\\/#\\\/schema\\\/logo\\\/image\\\/\"}}]}<\/script>\n<!-- \/ Yoast SEO plugin. -->","yoast_head_json":{"title":"Politique de confidentialit\u00e9 | G\u00eete \u00e0 B\u00e9lesta (66) et Puilaurens","description":"D\u00e9couvrez notre politique pour la r\u00e9servation de nos g\u00eetes \u00e0 B\u00e9lesta (66) et Puilaurens. Nous nous engageons \u00e0 prot\u00e9ger vos donn\u00e9es.","robots":{"index":"noindex","follow":"follow"},"og_locale":"fr_FR","og_type":"article","og_title":"Politique de confidentialit\u00e9 | G\u00eete \u00e0 B\u00e9lesta (66) et Puilaurens","og_description":"D\u00e9couvrez notre politique pour la r\u00e9servation de nos g\u00eetes \u00e0 B\u00e9lesta (66) et Puilaurens. Nous nous engageons \u00e0 prot\u00e9ger vos donn\u00e9es.","og_url":"https:\/\/gitesbelesta66.com\/index.php\/politique-de-confidentialite-2\/","og_site_name":"gitesbelesta66.com","article_modified_time":"2025-01-29T15:56:04+00:00","twitter_card":"summary_large_image","schema":{"@context":"https:\/\/schema.org","@graph":[{"@type":"WebPage","@id":"https:\/\/gitesbelesta66.com\/index.php\/politique-de-confidentialite-2\/","url":"https:\/\/gitesbelesta66.com\/index.php\/politique-de-confidentialite-2\/","name":"Politique de confidentialit\u00e9 | G\u00eete \u00e0 B\u00e9lesta (66) et Puilaurens","isPartOf":{"@id":"https:\/\/gitesbelesta66.com\/#website"},"datePublished":"2024-12-20T15:01:39+00:00","dateModified":"2025-01-29T15:56:04+00:00","description":"D\u00e9couvrez notre politique pour la r\u00e9servation de nos g\u00eetes \u00e0 B\u00e9lesta (66) et Puilaurens. Nous nous engageons \u00e0 prot\u00e9ger vos donn\u00e9es.","breadcrumb":{"@id":"https:\/\/gitesbelesta66.com\/index.php\/politique-de-confidentialite-2\/#breadcrumb"},"inLanguage":"fr-FR","potentialAction":[{"@type":"ReadAction","target":["https:\/\/gitesbelesta66.com\/index.php\/politique-de-confidentialite-2\/"]}]},{"@type":"BreadcrumbList","@id":"https:\/\/gitesbelesta66.com\/index.php\/politique-de-confidentialite-2\/#breadcrumb","itemListElement":[{"@type":"ListItem","position":1,"name":"Accueil","item":"https:\/\/gitesbelesta66.com\/"},{"@type":"ListItem","position":2,"name":"Politique de confidentialit\u00e9"}]},{"@type":"WebSite","@id":"https:\/\/gitesbelesta66.com\/#website","url":"https:\/\/gitesbelesta66.com\/","name":"gitesbelesta66.com","description":"","publisher":{"@id":"https:\/\/gitesbelesta66.com\/#organization"},"potentialAction":[{"@type":"SearchAction","target":{"@type":"EntryPoint","urlTemplate":"https:\/\/gitesbelesta66.com\/?s={search_term_string}"},"query-input":{"@type":"PropertyValueSpecification","valueRequired":true,"valueName":"search_term_string"}}],"inLanguage":"fr-FR"},{"@type":"Organization","@id":"https:\/\/gitesbelesta66.com\/#organization","name":"gitesbelesta66.com","url":"https:\/\/gitesbelesta66.com\/","logo":{"@type":"ImageObject","inLanguage":"fr-FR","@id":"https:\/\/gitesbelesta66.com\/#\/schema\/logo\/image\/","url":"http:\/\/gitesbelesta66.com\/wp-content\/uploads\/2024\/12\/gites-les-maisons-du-bonheur-gites-belesta-logo.png","contentUrl":"http:\/\/gitesbelesta66.com\/wp-content\/uploads\/2024\/12\/gites-les-maisons-du-bonheur-gites-belesta-logo.png","width":230,"height":200,"caption":"gitesbelesta66.com"},"image":{"@id":"https:\/\/gitesbelesta66.com\/#\/schema\/logo\/image\/"}}]}},"_links":{"self":[{"href":"https:\/\/gitesbelesta66.com\/index.php\/wp-json\/wp\/v2\/pages\/4428","targetHints":{"allow":["GET"]}}],"collection":[{"href":"https:\/\/gitesbelesta66.com\/index.php\/wp-json\/wp\/v2\/pages"}],"about":[{"href":"https:\/\/gitesbelesta66.com\/index.php\/wp-json\/wp\/v2\/types\/page"}],"author":[{"embeddable":true,"href":"https:\/\/gitesbelesta66.com\/index.php\/wp-json\/wp\/v2\/users\/1"}],"replies":[{"embeddable":true,"href":"https:\/\/gitesbelesta66.com\/index.php\/wp-json\/wp\/v2\/comments?post=4428"}],"version-history":[{"count":6,"href":"https:\/\/gitesbelesta66.com\/index.php\/wp-json\/wp\/v2\/pages\/4428\/revisions"}],"predecessor-version":[{"id":4440,"href":"https:\/\/gitesbelesta66.com\/index.php\/wp-json\/wp\/v2\/pages\/4428\/revisions\/4440"}],"wp:attachment":[{"href":"https:\/\/gitesbelesta66.com\/index.php\/wp-json\/wp\/v2\/media?parent=4428"}],"curies":[{"name":"wp","href":"https:\/\/api.w.org\/{rel}","templated":true}]}}