{"id":4314,"date":"2024-12-05T22:20:37","date_gmt":"2024-12-05T21:20:37","guid":{"rendered":"https:\/\/gitesbelesta66.com\/?page_id=4314"},"modified":"2025-10-27T10:23:31","modified_gmt":"2025-10-27T09:23:31","slug":"nos-environnements-location-vacances-gite-belesta-latour-bas-elne-puilaurens-mer-plage-montagne","status":"publish","type":"page","link":"https:\/\/gitesbelesta66.com\/index.php\/nos-environnements-location-vacances-gite-belesta-latour-bas-elne-puilaurens-mer-plage-montagne\/","title":{"rendered":"Nos environnements"},"content":{"rendered":"","protected":false},"excerpt":{"rendered":"","protected":false},"author":1,"featured_media":4260,"parent":0,"menu_order":0,"comment_status":"closed","ping_status":"closed","template":"","meta":{"om_disable_all_campaigns":false,"_uf_show_specific_survey":0,"_uf_disable_surveys":false,"footnotes":""},"class_list":["post-4314","page","type-page","status-publish","has-post-thumbnail","hentry"],"aioseo_notices":[],"yoast_head":"<!-- This site is optimized with the Yoast SEO plugin v27.4 - https:\/\/yoast.com\/product\/yoast-seo-wordpress\/ -->\n<title>Nos Environnements de nos g\u00eetes (66) | S\u00e9jour Nature et S\u00e9r\u00e9nit\u00e9<\/title>\n<meta name=\"description\" content=\"Louez un s\u00e9jour g\u00eete \u00e0 B\u00e9lesta (66) ou Puilaurens, et d\u00e9couvrez des sites historiques remarquables dans une atmosph\u00e8re paisible en Occitanie.\" \/>\n<meta name=\"robots\" content=\"noindex, follow\" \/>\n<meta property=\"og:locale\" content=\"fr_FR\" \/>\n<meta property=\"og:type\" content=\"article\" \/>\n<meta property=\"og:title\" content=\"Nos Environnements de nos g\u00eetes (66) | S\u00e9jour Nature et S\u00e9r\u00e9nit\u00e9\" \/>\n<meta property=\"og:description\" content=\"Louez un s\u00e9jour g\u00eete \u00e0 B\u00e9lesta (66) ou Puilaurens, et d\u00e9couvrez des sites historiques remarquables dans une atmosph\u00e8re paisible en Occitanie.\" \/>\n<meta property=\"og:url\" content=\"https:\/\/gitesbelesta66.com\/index.php\/nos-environnements-location-vacances-gite-belesta-latour-bas-elne-puilaurens-mer-plage-montagne\/\" \/>\n<meta property=\"og:site_name\" content=\"gitesbelesta66.com\" \/>\n<meta property=\"article:modified_time\" content=\"2025-10-27T09:23:31+00:00\" \/>\n<meta property=\"og:image\" content=\"http:\/\/gitesbelesta66.com\/wp-content\/uploads\/2024\/12\/gites-les-maisons-du-bonheur-gites-belsesta-jardin-location-maison-belesta-bg-1.jpg\" \/>\n\t<meta property=\"og:image:width\" content=\"300\" \/>\n\t<meta property=\"og:image:height\" content=\"168\" \/>\n\t<meta property=\"og:image:type\" content=\"image\/jpeg\" \/>\n<meta name=\"twitter:card\" content=\"summary_large_image\" \/>\n<meta name=\"twitter:label1\" content=\"Dur\u00e9e de lecture estim\u00e9e\" \/>\n\t<meta name=\"twitter:data1\" content=\"1 minute\" \/>\n<script type=\"application\/ld+json\" class=\"yoast-schema-graph\">{\"@context\":\"https:\\\/\\\/schema.org\",\"@graph\":[{\"@type\":\"WebPage\",\"@id\":\"https:\\\/\\\/gitesbelesta66.com\\\/index.php\\\/nos-environnements-location-vacances-gite-belesta-latour-bas-elne-puilaurens-mer-plage-montagne\\\/\",\"url\":\"https:\\\/\\\/gitesbelesta66.com\\\/index.php\\\/nos-environnements-location-vacances-gite-belesta-latour-bas-elne-puilaurens-mer-plage-montagne\\\/\",\"name\":\"Nos Environnements de nos g\u00eetes (66) | S\u00e9jour Nature et S\u00e9r\u00e9nit\u00e9\",\"isPartOf\":{\"@id\":\"https:\\\/\\\/gitesbelesta66.com\\\/#website\"},\"primaryImageOfPage\":{\"@id\":\"https:\\\/\\\/gitesbelesta66.com\\\/index.php\\\/nos-environnements-location-vacances-gite-belesta-latour-bas-elne-puilaurens-mer-plage-montagne\\\/#primaryimage\"},\"image\":{\"@id\":\"https:\\\/\\\/gitesbelesta66.com\\\/index.php\\\/nos-environnements-location-vacances-gite-belesta-latour-bas-elne-puilaurens-mer-plage-montagne\\\/#primaryimage\"},\"thumbnailUrl\":\"https:\\\/\\\/gitesbelesta66.com\\\/wp-content\\\/uploads\\\/2024\\\/12\\\/gites-les-maisons-du-bonheur-gites-belsesta-jardin-location-maison-belesta-bg-1.jpg\",\"datePublished\":\"2024-12-05T21:20:37+00:00\",\"dateModified\":\"2025-10-27T09:23:31+00:00\",\"description\":\"Louez un s\u00e9jour g\u00eete \u00e0 B\u00e9lesta (66) ou Puilaurens, et d\u00e9couvrez des sites historiques remarquables dans une atmosph\u00e8re paisible en Occitanie.\",\"breadcrumb\":{\"@id\":\"https:\\\/\\\/gitesbelesta66.com\\\/index.php\\\/nos-environnements-location-vacances-gite-belesta-latour-bas-elne-puilaurens-mer-plage-montagne\\\/#breadcrumb\"},\"inLanguage\":\"fr-FR\",\"potentialAction\":[{\"@type\":\"ReadAction\",\"target\":[\"https:\\\/\\\/gitesbelesta66.com\\\/index.php\\\/nos-environnements-location-vacances-gite-belesta-latour-bas-elne-puilaurens-mer-plage-montagne\\\/\"]}]},{\"@type\":\"ImageObject\",\"inLanguage\":\"fr-FR\",\"@id\":\"https:\\\/\\\/gitesbelesta66.com\\\/index.php\\\/nos-environnements-location-vacances-gite-belesta-latour-bas-elne-puilaurens-mer-plage-montagne\\\/#primaryimage\",\"url\":\"https:\\\/\\\/gitesbelesta66.com\\\/wp-content\\\/uploads\\\/2024\\\/12\\\/gites-les-maisons-du-bonheur-gites-belsesta-jardin-location-maison-belesta-bg-1.jpg\",\"contentUrl\":\"https:\\\/\\\/gitesbelesta66.com\\\/wp-content\\\/uploads\\\/2024\\\/12\\\/gites-les-maisons-du-bonheur-gites-belsesta-jardin-location-maison-belesta-bg-1.jpg\",\"width\":300,\"height\":168,\"caption\":\"Location g\u00eete B\u00e9lesta 66\"},{\"@type\":\"BreadcrumbList\",\"@id\":\"https:\\\/\\\/gitesbelesta66.com\\\/index.php\\\/nos-environnements-location-vacances-gite-belesta-latour-bas-elne-puilaurens-mer-plage-montagne\\\/#breadcrumb\",\"itemListElement\":[{\"@type\":\"ListItem\",\"position\":1,\"name\":\"Accueil\",\"item\":\"https:\\\/\\\/gitesbelesta66.com\\\/\"},{\"@type\":\"ListItem\",\"position\":2,\"name\":\"Nos environnements\"}]},{\"@type\":\"WebSite\",\"@id\":\"https:\\\/\\\/gitesbelesta66.com\\\/#website\",\"url\":\"https:\\\/\\\/gitesbelesta66.com\\\/\",\"name\":\"gitesbelesta66.com\",\"description\":\"\",\"publisher\":{\"@id\":\"https:\\\/\\\/gitesbelesta66.com\\\/#organization\"},\"potentialAction\":[{\"@type\":\"SearchAction\",\"target\":{\"@type\":\"EntryPoint\",\"urlTemplate\":\"https:\\\/\\\/gitesbelesta66.com\\\/?s={search_term_string}\"},\"query-input\":{\"@type\":\"PropertyValueSpecification\",\"valueRequired\":true,\"valueName\":\"search_term_string\"}}],\"inLanguage\":\"fr-FR\"},{\"@type\":\"Organization\",\"@id\":\"https:\\\/\\\/gitesbelesta66.com\\\/#organization\",\"name\":\"gitesbelesta66.com\",\"url\":\"https:\\\/\\\/gitesbelesta66.com\\\/\",\"logo\":{\"@type\":\"ImageObject\",\"inLanguage\":\"fr-FR\",\"@id\":\"https:\\\/\\\/gitesbelesta66.com\\\/#\\\/schema\\\/logo\\\/image\\\/\",\"url\":\"http:\\\/\\\/gitesbelesta66.com\\\/wp-content\\\/uploads\\\/2024\\\/12\\\/gites-les-maisons-du-bonheur-gites-belesta-logo.png\",\"contentUrl\":\"http:\\\/\\\/gitesbelesta66.com\\\/wp-content\\\/uploads\\\/2024\\\/12\\\/gites-les-maisons-du-bonheur-gites-belesta-logo.png\",\"width\":230,\"height\":200,\"caption\":\"gitesbelesta66.com\"},\"image\":{\"@id\":\"https:\\\/\\\/gitesbelesta66.com\\\/#\\\/schema\\\/logo\\\/image\\\/\"}}]}<\/script>\n<!-- \/ Yoast SEO plugin. -->","yoast_head_json":{"title":"Nos Environnements de nos g\u00eetes (66) | S\u00e9jour Nature et S\u00e9r\u00e9nit\u00e9","description":"Louez un s\u00e9jour g\u00eete \u00e0 B\u00e9lesta (66) ou Puilaurens, et d\u00e9couvrez des sites historiques remarquables dans une atmosph\u00e8re paisible en Occitanie.","robots":{"index":"noindex","follow":"follow"},"og_locale":"fr_FR","og_type":"article","og_title":"Nos Environnements de nos g\u00eetes (66) | S\u00e9jour Nature et S\u00e9r\u00e9nit\u00e9","og_description":"Louez un s\u00e9jour g\u00eete \u00e0 B\u00e9lesta (66) ou Puilaurens, et d\u00e9couvrez des sites historiques remarquables dans une atmosph\u00e8re paisible en Occitanie.","og_url":"https:\/\/gitesbelesta66.com\/index.php\/nos-environnements-location-vacances-gite-belesta-latour-bas-elne-puilaurens-mer-plage-montagne\/","og_site_name":"gitesbelesta66.com","article_modified_time":"2025-10-27T09:23:31+00:00","og_image":[{"width":300,"height":168,"url":"http:\/\/gitesbelesta66.com\/wp-content\/uploads\/2024\/12\/gites-les-maisons-du-bonheur-gites-belsesta-jardin-location-maison-belesta-bg-1.jpg","type":"image\/jpeg"}],"twitter_card":"summary_large_image","twitter_misc":{"Dur\u00e9e de lecture estim\u00e9e":"1 minute"},"schema":{"@context":"https:\/\/schema.org","@graph":[{"@type":"WebPage","@id":"https:\/\/gitesbelesta66.com\/index.php\/nos-environnements-location-vacances-gite-belesta-latour-bas-elne-puilaurens-mer-plage-montagne\/","url":"https:\/\/gitesbelesta66.com\/index.php\/nos-environnements-location-vacances-gite-belesta-latour-bas-elne-puilaurens-mer-plage-montagne\/","name":"Nos Environnements de nos g\u00eetes (66) | S\u00e9jour Nature et S\u00e9r\u00e9nit\u00e9","isPartOf":{"@id":"https:\/\/gitesbelesta66.com\/#website"},"primaryImageOfPage":{"@id":"https:\/\/gitesbelesta66.com\/index.php\/nos-environnements-location-vacances-gite-belesta-latour-bas-elne-puilaurens-mer-plage-montagne\/#primaryimage"},"image":{"@id":"https:\/\/gitesbelesta66.com\/index.php\/nos-environnements-location-vacances-gite-belesta-latour-bas-elne-puilaurens-mer-plage-montagne\/#primaryimage"},"thumbnailUrl":"https:\/\/gitesbelesta66.com\/wp-content\/uploads\/2024\/12\/gites-les-maisons-du-bonheur-gites-belsesta-jardin-location-maison-belesta-bg-1.jpg","datePublished":"2024-12-05T21:20:37+00:00","dateModified":"2025-10-27T09:23:31+00:00","description":"Louez un s\u00e9jour g\u00eete \u00e0 B\u00e9lesta (66) ou Puilaurens, et d\u00e9couvrez des sites historiques remarquables dans une atmosph\u00e8re paisible en Occitanie.","breadcrumb":{"@id":"https:\/\/gitesbelesta66.com\/index.php\/nos-environnements-location-vacances-gite-belesta-latour-bas-elne-puilaurens-mer-plage-montagne\/#breadcrumb"},"inLanguage":"fr-FR","potentialAction":[{"@type":"ReadAction","target":["https:\/\/gitesbelesta66.com\/index.php\/nos-environnements-location-vacances-gite-belesta-latour-bas-elne-puilaurens-mer-plage-montagne\/"]}]},{"@type":"ImageObject","inLanguage":"fr-FR","@id":"https:\/\/gitesbelesta66.com\/index.php\/nos-environnements-location-vacances-gite-belesta-latour-bas-elne-puilaurens-mer-plage-montagne\/#primaryimage","url":"https:\/\/gitesbelesta66.com\/wp-content\/uploads\/2024\/12\/gites-les-maisons-du-bonheur-gites-belsesta-jardin-location-maison-belesta-bg-1.jpg","contentUrl":"https:\/\/gitesbelesta66.com\/wp-content\/uploads\/2024\/12\/gites-les-maisons-du-bonheur-gites-belsesta-jardin-location-maison-belesta-bg-1.jpg","width":300,"height":168,"caption":"Location g\u00eete B\u00e9lesta 66"},{"@type":"BreadcrumbList","@id":"https:\/\/gitesbelesta66.com\/index.php\/nos-environnements-location-vacances-gite-belesta-latour-bas-elne-puilaurens-mer-plage-montagne\/#breadcrumb","itemListElement":[{"@type":"ListItem","position":1,"name":"Accueil","item":"https:\/\/gitesbelesta66.com\/"},{"@type":"ListItem","position":2,"name":"Nos environnements"}]},{"@type":"WebSite","@id":"https:\/\/gitesbelesta66.com\/#website","url":"https:\/\/gitesbelesta66.com\/","name":"gitesbelesta66.com","description":"","publisher":{"@id":"https:\/\/gitesbelesta66.com\/#organization"},"potentialAction":[{"@type":"SearchAction","target":{"@type":"EntryPoint","urlTemplate":"https:\/\/gitesbelesta66.com\/?s={search_term_string}"},"query-input":{"@type":"PropertyValueSpecification","valueRequired":true,"valueName":"search_term_string"}}],"inLanguage":"fr-FR"},{"@type":"Organization","@id":"https:\/\/gitesbelesta66.com\/#organization","name":"gitesbelesta66.com","url":"https:\/\/gitesbelesta66.com\/","logo":{"@type":"ImageObject","inLanguage":"fr-FR","@id":"https:\/\/gitesbelesta66.com\/#\/schema\/logo\/image\/","url":"http:\/\/gitesbelesta66.com\/wp-content\/uploads\/2024\/12\/gites-les-maisons-du-bonheur-gites-belesta-logo.png","contentUrl":"http:\/\/gitesbelesta66.com\/wp-content\/uploads\/2024\/12\/gites-les-maisons-du-bonheur-gites-belesta-logo.png","width":230,"height":200,"caption":"gitesbelesta66.com"},"image":{"@id":"https:\/\/gitesbelesta66.com\/#\/schema\/logo\/image\/"}}]}},"_links":{"self":[{"href":"https:\/\/gitesbelesta66.com\/index.php\/wp-json\/wp\/v2\/pages\/4314","targetHints":{"allow":["GET"]}}],"collection":[{"href":"https:\/\/gitesbelesta66.com\/index.php\/wp-json\/wp\/v2\/pages"}],"about":[{"href":"https:\/\/gitesbelesta66.com\/index.php\/wp-json\/wp\/v2\/types\/page"}],"author":[{"embeddable":true,"href":"https:\/\/gitesbelesta66.com\/index.php\/wp-json\/wp\/v2\/users\/1"}],"replies":[{"embeddable":true,"href":"https:\/\/gitesbelesta66.com\/index.php\/wp-json\/wp\/v2\/comments?post=4314"}],"version-history":[{"count":10,"href":"https:\/\/gitesbelesta66.com\/index.php\/wp-json\/wp\/v2\/pages\/4314\/revisions"}],"predecessor-version":[{"id":4569,"href":"https:\/\/gitesbelesta66.com\/index.php\/wp-json\/wp\/v2\/pages\/4314\/revisions\/4569"}],"wp:featuredmedia":[{"embeddable":true,"href":"https:\/\/gitesbelesta66.com\/index.php\/wp-json\/wp\/v2\/media\/4260"}],"wp:attachment":[{"href":"https:\/\/gitesbelesta66.com\/index.php\/wp-json\/wp\/v2\/media?parent=4314"}],"curies":[{"name":"wp","href":"https:\/\/api.w.org\/{rel}","templated":true}]}}