{"id":4197,"date":"2024-12-03T11:02:11","date_gmt":"2024-12-03T10:02:11","guid":{"rendered":"https:\/\/gitesbelesta66.com\/index.php\/wpbc-booking-received\/"},"modified":"2025-01-29T19:25:40","modified_gmt":"2025-01-29T18:25:40","slug":"wpbc-booking-received","status":"publish","type":"page","link":"https:\/\/gitesbelesta66.com\/index.php\/wpbc-booking-received\/","title":{"rendered":"R\u00e9servation termin\u00e9e"},"content":{"rendered":"<h4 id=\"tw-target-text\" class=\"tw-data-text tw-text-large tw-ta\" dir=\"ltr\" data-placeholder=\"Traduction\" data-ved=\"2ahUKEwitmJ2tm-OKAxX8SKQEHSNQLcMQ3ewLegQICRAU\" aria-label=\"Texte traduit\u00a0: Merci pour votre r\u00e9servation. Votre r\u00e9servation a \u00e9t\u00e9 re\u00e7ue avec succ\u00e8s.\"><span class=\"Y2IQFc\" lang=\"fr\">Merci pour votre r\u00e9servation. Votre r\u00e9servation a \u00e9t\u00e9 re\u00e7ue avec succ\u00e8s.<\/span><\/h4>\n<p>[booking_confirm]<\/p>\n","protected":false},"excerpt":{"rendered":"<p>Merci pour votre r\u00e9servation. Votre r\u00e9servation a \u00e9t\u00e9 re\u00e7ue avec succ\u00e8s. [booking_confirm]<\/p>\n","protected":false},"author":1,"featured_media":0,"parent":0,"menu_order":0,"comment_status":"closed","ping_status":"closed","template":"","meta":{"om_disable_all_campaigns":false,"_uf_show_specific_survey":0,"_uf_disable_surveys":false,"footnotes":""},"class_list":["post-4197","page","type-page","status-publish","hentry"],"aioseo_notices":[],"yoast_head":"<!-- This site is optimized with the Yoast SEO plugin v27.5 - https:\/\/yoast.com\/product\/yoast-seo-wordpress\/ -->\n<title>Confirmation r\u00e9servation | G\u00eete \u00e0 B\u00e9lesta (66) et Puilaurens<\/title>\n<meta name=\"description\" content=\"Votre r\u00e9servation est confirm\u00e9e. Pr\u00e9parez vous \u00e0 s\u00e9journer dans nos g\u00eetes \u00e0 B\u00e9lesta (66) et Puilaurens. Immersion totale en Occitanie.\" \/>\n<meta name=\"robots\" content=\"noindex, follow\" \/>\n<meta property=\"og:locale\" content=\"fr_FR\" \/>\n<meta property=\"og:type\" content=\"article\" \/>\n<meta property=\"og:title\" content=\"Confirmation r\u00e9servation | G\u00eete \u00e0 B\u00e9lesta (66) et Puilaurens\" \/>\n<meta property=\"og:description\" content=\"Votre r\u00e9servation est confirm\u00e9e. Pr\u00e9parez vous \u00e0 s\u00e9journer dans nos g\u00eetes \u00e0 B\u00e9lesta (66) et Puilaurens. Immersion totale en Occitanie.\" \/>\n<meta property=\"og:url\" content=\"https:\/\/gitesbelesta66.com\/index.php\/wpbc-booking-received\/\" \/>\n<meta property=\"og:site_name\" content=\"gitesbelesta66.com\" \/>\n<meta property=\"article:modified_time\" content=\"2025-01-29T18:25:40+00:00\" \/>\n<meta name=\"twitter:card\" content=\"summary_large_image\" \/>\n<meta name=\"twitter:label1\" content=\"Dur\u00e9e de lecture estim\u00e9e\" \/>\n\t<meta name=\"twitter:data1\" content=\"1 minute\" \/>\n<script type=\"application\/ld+json\" class=\"yoast-schema-graph\">{\"@context\":\"https:\\\/\\\/schema.org\",\"@graph\":[{\"@type\":\"WebPage\",\"@id\":\"https:\\\/\\\/gitesbelesta66.com\\\/index.php\\\/wpbc-booking-received\\\/\",\"url\":\"https:\\\/\\\/gitesbelesta66.com\\\/index.php\\\/wpbc-booking-received\\\/\",\"name\":\"Confirmation r\u00e9servation | G\u00eete \u00e0 B\u00e9lesta (66) et Puilaurens\",\"isPartOf\":{\"@id\":\"https:\\\/\\\/gitesbelesta66.com\\\/#website\"},\"datePublished\":\"2024-12-03T10:02:11+00:00\",\"dateModified\":\"2025-01-29T18:25:40+00:00\",\"description\":\"Votre r\u00e9servation est confirm\u00e9e. Pr\u00e9parez vous \u00e0 s\u00e9journer dans nos g\u00eetes \u00e0 B\u00e9lesta (66) et Puilaurens. Immersion totale en Occitanie.\",\"breadcrumb\":{\"@id\":\"https:\\\/\\\/gitesbelesta66.com\\\/index.php\\\/wpbc-booking-received\\\/#breadcrumb\"},\"inLanguage\":\"fr-FR\",\"potentialAction\":[{\"@type\":\"ReadAction\",\"target\":[\"https:\\\/\\\/gitesbelesta66.com\\\/index.php\\\/wpbc-booking-received\\\/\"]}]},{\"@type\":\"BreadcrumbList\",\"@id\":\"https:\\\/\\\/gitesbelesta66.com\\\/index.php\\\/wpbc-booking-received\\\/#breadcrumb\",\"itemListElement\":[{\"@type\":\"ListItem\",\"position\":1,\"name\":\"Accueil\",\"item\":\"https:\\\/\\\/gitesbelesta66.com\\\/\"},{\"@type\":\"ListItem\",\"position\":2,\"name\":\"R\u00e9servation termin\u00e9e\"}]},{\"@type\":\"WebSite\",\"@id\":\"https:\\\/\\\/gitesbelesta66.com\\\/#website\",\"url\":\"https:\\\/\\\/gitesbelesta66.com\\\/\",\"name\":\"gitesbelesta66.com\",\"description\":\"\",\"publisher\":{\"@id\":\"https:\\\/\\\/gitesbelesta66.com\\\/#organization\"},\"potentialAction\":[{\"@type\":\"SearchAction\",\"target\":{\"@type\":\"EntryPoint\",\"urlTemplate\":\"https:\\\/\\\/gitesbelesta66.com\\\/?s={search_term_string}\"},\"query-input\":{\"@type\":\"PropertyValueSpecification\",\"valueRequired\":true,\"valueName\":\"search_term_string\"}}],\"inLanguage\":\"fr-FR\"},{\"@type\":\"Organization\",\"@id\":\"https:\\\/\\\/gitesbelesta66.com\\\/#organization\",\"name\":\"gitesbelesta66.com\",\"url\":\"https:\\\/\\\/gitesbelesta66.com\\\/\",\"logo\":{\"@type\":\"ImageObject\",\"inLanguage\":\"fr-FR\",\"@id\":\"https:\\\/\\\/gitesbelesta66.com\\\/#\\\/schema\\\/logo\\\/image\\\/\",\"url\":\"http:\\\/\\\/gitesbelesta66.com\\\/wp-content\\\/uploads\\\/2024\\\/12\\\/gites-les-maisons-du-bonheur-gites-belesta-logo.png\",\"contentUrl\":\"http:\\\/\\\/gitesbelesta66.com\\\/wp-content\\\/uploads\\\/2024\\\/12\\\/gites-les-maisons-du-bonheur-gites-belesta-logo.png\",\"width\":230,\"height\":200,\"caption\":\"gitesbelesta66.com\"},\"image\":{\"@id\":\"https:\\\/\\\/gitesbelesta66.com\\\/#\\\/schema\\\/logo\\\/image\\\/\"}}]}<\/script>\n<!-- \/ Yoast SEO plugin. -->","yoast_head_json":{"title":"Confirmation r\u00e9servation | G\u00eete \u00e0 B\u00e9lesta (66) et Puilaurens","description":"Votre r\u00e9servation est confirm\u00e9e. Pr\u00e9parez vous \u00e0 s\u00e9journer dans nos g\u00eetes \u00e0 B\u00e9lesta (66) et Puilaurens. Immersion totale en Occitanie.","robots":{"index":"noindex","follow":"follow"},"og_locale":"fr_FR","og_type":"article","og_title":"Confirmation r\u00e9servation | G\u00eete \u00e0 B\u00e9lesta (66) et Puilaurens","og_description":"Votre r\u00e9servation est confirm\u00e9e. Pr\u00e9parez vous \u00e0 s\u00e9journer dans nos g\u00eetes \u00e0 B\u00e9lesta (66) et Puilaurens. Immersion totale en Occitanie.","og_url":"https:\/\/gitesbelesta66.com\/index.php\/wpbc-booking-received\/","og_site_name":"gitesbelesta66.com","article_modified_time":"2025-01-29T18:25:40+00:00","twitter_card":"summary_large_image","twitter_misc":{"Dur\u00e9e de lecture estim\u00e9e":"1 minute"},"schema":{"@context":"https:\/\/schema.org","@graph":[{"@type":"WebPage","@id":"https:\/\/gitesbelesta66.com\/index.php\/wpbc-booking-received\/","url":"https:\/\/gitesbelesta66.com\/index.php\/wpbc-booking-received\/","name":"Confirmation r\u00e9servation | G\u00eete \u00e0 B\u00e9lesta (66) et Puilaurens","isPartOf":{"@id":"https:\/\/gitesbelesta66.com\/#website"},"datePublished":"2024-12-03T10:02:11+00:00","dateModified":"2025-01-29T18:25:40+00:00","description":"Votre r\u00e9servation est confirm\u00e9e. Pr\u00e9parez vous \u00e0 s\u00e9journer dans nos g\u00eetes \u00e0 B\u00e9lesta (66) et Puilaurens. Immersion totale en Occitanie.","breadcrumb":{"@id":"https:\/\/gitesbelesta66.com\/index.php\/wpbc-booking-received\/#breadcrumb"},"inLanguage":"fr-FR","potentialAction":[{"@type":"ReadAction","target":["https:\/\/gitesbelesta66.com\/index.php\/wpbc-booking-received\/"]}]},{"@type":"BreadcrumbList","@id":"https:\/\/gitesbelesta66.com\/index.php\/wpbc-booking-received\/#breadcrumb","itemListElement":[{"@type":"ListItem","position":1,"name":"Accueil","item":"https:\/\/gitesbelesta66.com\/"},{"@type":"ListItem","position":2,"name":"R\u00e9servation termin\u00e9e"}]},{"@type":"WebSite","@id":"https:\/\/gitesbelesta66.com\/#website","url":"https:\/\/gitesbelesta66.com\/","name":"gitesbelesta66.com","description":"","publisher":{"@id":"https:\/\/gitesbelesta66.com\/#organization"},"potentialAction":[{"@type":"SearchAction","target":{"@type":"EntryPoint","urlTemplate":"https:\/\/gitesbelesta66.com\/?s={search_term_string}"},"query-input":{"@type":"PropertyValueSpecification","valueRequired":true,"valueName":"search_term_string"}}],"inLanguage":"fr-FR"},{"@type":"Organization","@id":"https:\/\/gitesbelesta66.com\/#organization","name":"gitesbelesta66.com","url":"https:\/\/gitesbelesta66.com\/","logo":{"@type":"ImageObject","inLanguage":"fr-FR","@id":"https:\/\/gitesbelesta66.com\/#\/schema\/logo\/image\/","url":"http:\/\/gitesbelesta66.com\/wp-content\/uploads\/2024\/12\/gites-les-maisons-du-bonheur-gites-belesta-logo.png","contentUrl":"http:\/\/gitesbelesta66.com\/wp-content\/uploads\/2024\/12\/gites-les-maisons-du-bonheur-gites-belesta-logo.png","width":230,"height":200,"caption":"gitesbelesta66.com"},"image":{"@id":"https:\/\/gitesbelesta66.com\/#\/schema\/logo\/image\/"}}]}},"_links":{"self":[{"href":"https:\/\/gitesbelesta66.com\/index.php\/wp-json\/wp\/v2\/pages\/4197","targetHints":{"allow":["GET"]}}],"collection":[{"href":"https:\/\/gitesbelesta66.com\/index.php\/wp-json\/wp\/v2\/pages"}],"about":[{"href":"https:\/\/gitesbelesta66.com\/index.php\/wp-json\/wp\/v2\/types\/page"}],"author":[{"embeddable":true,"href":"https:\/\/gitesbelesta66.com\/index.php\/wp-json\/wp\/v2\/users\/1"}],"replies":[{"embeddable":true,"href":"https:\/\/gitesbelesta66.com\/index.php\/wp-json\/wp\/v2\/comments?post=4197"}],"version-history":[{"count":3,"href":"https:\/\/gitesbelesta66.com\/index.php\/wp-json\/wp\/v2\/pages\/4197\/revisions"}],"predecessor-version":[{"id":4468,"href":"https:\/\/gitesbelesta66.com\/index.php\/wp-json\/wp\/v2\/pages\/4197\/revisions\/4468"}],"wp:attachment":[{"href":"https:\/\/gitesbelesta66.com\/index.php\/wp-json\/wp\/v2\/media?parent=4197"}],"curies":[{"name":"wp","href":"https:\/\/api.w.org\/{rel}","templated":true}]}}