{"id":4076,"date":"2024-11-28T10:54:11","date_gmt":"2024-11-28T09:54:11","guid":{"rendered":"https:\/\/gitesbelesta66.com\/?page_id=4076"},"modified":"2025-01-29T19:27:34","modified_gmt":"2025-01-29T18:27:34","slug":"contact","status":"publish","type":"page","link":"https:\/\/gitesbelesta66.com\/index.php\/contact\/","title":{"rendered":"Contact"},"content":{"rendered":"","protected":false},"excerpt":{"rendered":"","protected":false},"author":1,"featured_media":0,"parent":0,"menu_order":0,"comment_status":"closed","ping_status":"closed","template":"","meta":{"om_disable_all_campaigns":false,"_uf_show_specific_survey":0,"_uf_disable_surveys":false,"footnotes":""},"class_list":["post-4076","page","type-page","status-publish","hentry"],"aioseo_notices":[],"yoast_head":"<!-- This site is optimized with the Yoast SEO plugin v27.3 - https:\/\/yoast.com\/product\/yoast-seo-wordpress\/ -->\n<title>Contact | Louer un G\u00eete \u00e0 B\u00e9lesta (66) et Puilaurens<\/title>\n<meta name=\"description\" content=\"Les Maisons du bonheur. Obtenez des informations sur nos h\u00e9bergements et r\u00e9servez votre s\u00e9jour en Occitanie d\u00e8s aujourd\u2019hui.\" \/>\n<meta name=\"robots\" content=\"noindex, follow\" \/>\n<meta property=\"og:locale\" content=\"fr_FR\" \/>\n<meta property=\"og:type\" content=\"article\" \/>\n<meta property=\"og:title\" content=\"Contact | Louer un G\u00eete \u00e0 B\u00e9lesta (66) et Puilaurens\" \/>\n<meta property=\"og:description\" content=\"Les Maisons du bonheur. Obtenez des informations sur nos h\u00e9bergements et r\u00e9servez votre s\u00e9jour en Occitanie d\u00e8s aujourd\u2019hui.\" \/>\n<meta property=\"og:url\" content=\"https:\/\/gitesbelesta66.com\/index.php\/contact\/\" \/>\n<meta property=\"og:site_name\" content=\"gitesbelesta66.com\" \/>\n<meta property=\"article:modified_time\" content=\"2025-01-29T18:27:34+00:00\" \/>\n<meta name=\"twitter:card\" content=\"summary_large_image\" \/>\n<script type=\"application\/ld+json\" class=\"yoast-schema-graph\">{\"@context\":\"https:\\\/\\\/schema.org\",\"@graph\":[{\"@type\":\"WebPage\",\"@id\":\"https:\\\/\\\/gitesbelesta66.com\\\/index.php\\\/contact\\\/\",\"url\":\"https:\\\/\\\/gitesbelesta66.com\\\/index.php\\\/contact\\\/\",\"name\":\"Contact | Louer un G\u00eete \u00e0 B\u00e9lesta (66) et Puilaurens\",\"isPartOf\":{\"@id\":\"https:\\\/\\\/gitesbelesta66.com\\\/#website\"},\"datePublished\":\"2024-11-28T09:54:11+00:00\",\"dateModified\":\"2025-01-29T18:27:34+00:00\",\"description\":\"Les Maisons du bonheur. Obtenez des informations sur nos h\u00e9bergements et r\u00e9servez votre s\u00e9jour en Occitanie d\u00e8s aujourd\u2019hui.\",\"breadcrumb\":{\"@id\":\"https:\\\/\\\/gitesbelesta66.com\\\/index.php\\\/contact\\\/#breadcrumb\"},\"inLanguage\":\"fr-FR\",\"potentialAction\":[{\"@type\":\"ReadAction\",\"target\":[\"https:\\\/\\\/gitesbelesta66.com\\\/index.php\\\/contact\\\/\"]}]},{\"@type\":\"BreadcrumbList\",\"@id\":\"https:\\\/\\\/gitesbelesta66.com\\\/index.php\\\/contact\\\/#breadcrumb\",\"itemListElement\":[{\"@type\":\"ListItem\",\"position\":1,\"name\":\"Accueil\",\"item\":\"https:\\\/\\\/gitesbelesta66.com\\\/\"},{\"@type\":\"ListItem\",\"position\":2,\"name\":\"Contact\"}]},{\"@type\":\"WebSite\",\"@id\":\"https:\\\/\\\/gitesbelesta66.com\\\/#website\",\"url\":\"https:\\\/\\\/gitesbelesta66.com\\\/\",\"name\":\"gitesbelesta66.com\",\"description\":\"\",\"publisher\":{\"@id\":\"https:\\\/\\\/gitesbelesta66.com\\\/#organization\"},\"potentialAction\":[{\"@type\":\"SearchAction\",\"target\":{\"@type\":\"EntryPoint\",\"urlTemplate\":\"https:\\\/\\\/gitesbelesta66.com\\\/?s={search_term_string}\"},\"query-input\":{\"@type\":\"PropertyValueSpecification\",\"valueRequired\":true,\"valueName\":\"search_term_string\"}}],\"inLanguage\":\"fr-FR\"},{\"@type\":\"Organization\",\"@id\":\"https:\\\/\\\/gitesbelesta66.com\\\/#organization\",\"name\":\"gitesbelesta66.com\",\"url\":\"https:\\\/\\\/gitesbelesta66.com\\\/\",\"logo\":{\"@type\":\"ImageObject\",\"inLanguage\":\"fr-FR\",\"@id\":\"https:\\\/\\\/gitesbelesta66.com\\\/#\\\/schema\\\/logo\\\/image\\\/\",\"url\":\"http:\\\/\\\/gitesbelesta66.com\\\/wp-content\\\/uploads\\\/2024\\\/12\\\/gites-les-maisons-du-bonheur-gites-belesta-logo.png\",\"contentUrl\":\"http:\\\/\\\/gitesbelesta66.com\\\/wp-content\\\/uploads\\\/2024\\\/12\\\/gites-les-maisons-du-bonheur-gites-belesta-logo.png\",\"width\":230,\"height\":200,\"caption\":\"gitesbelesta66.com\"},\"image\":{\"@id\":\"https:\\\/\\\/gitesbelesta66.com\\\/#\\\/schema\\\/logo\\\/image\\\/\"}}]}<\/script>\n<!-- \/ Yoast SEO plugin. -->","yoast_head_json":{"title":"Contact | Louer un G\u00eete \u00e0 B\u00e9lesta (66) et Puilaurens","description":"Les Maisons du bonheur. Obtenez des informations sur nos h\u00e9bergements et r\u00e9servez votre s\u00e9jour en Occitanie d\u00e8s aujourd\u2019hui.","robots":{"index":"noindex","follow":"follow"},"og_locale":"fr_FR","og_type":"article","og_title":"Contact | Louer un G\u00eete \u00e0 B\u00e9lesta (66) et Puilaurens","og_description":"Les Maisons du bonheur. Obtenez des informations sur nos h\u00e9bergements et r\u00e9servez votre s\u00e9jour en Occitanie d\u00e8s aujourd\u2019hui.","og_url":"https:\/\/gitesbelesta66.com\/index.php\/contact\/","og_site_name":"gitesbelesta66.com","article_modified_time":"2025-01-29T18:27:34+00:00","twitter_card":"summary_large_image","schema":{"@context":"https:\/\/schema.org","@graph":[{"@type":"WebPage","@id":"https:\/\/gitesbelesta66.com\/index.php\/contact\/","url":"https:\/\/gitesbelesta66.com\/index.php\/contact\/","name":"Contact | Louer un G\u00eete \u00e0 B\u00e9lesta (66) et Puilaurens","isPartOf":{"@id":"https:\/\/gitesbelesta66.com\/#website"},"datePublished":"2024-11-28T09:54:11+00:00","dateModified":"2025-01-29T18:27:34+00:00","description":"Les Maisons du bonheur. Obtenez des informations sur nos h\u00e9bergements et r\u00e9servez votre s\u00e9jour en Occitanie d\u00e8s aujourd\u2019hui.","breadcrumb":{"@id":"https:\/\/gitesbelesta66.com\/index.php\/contact\/#breadcrumb"},"inLanguage":"fr-FR","potentialAction":[{"@type":"ReadAction","target":["https:\/\/gitesbelesta66.com\/index.php\/contact\/"]}]},{"@type":"BreadcrumbList","@id":"https:\/\/gitesbelesta66.com\/index.php\/contact\/#breadcrumb","itemListElement":[{"@type":"ListItem","position":1,"name":"Accueil","item":"https:\/\/gitesbelesta66.com\/"},{"@type":"ListItem","position":2,"name":"Contact"}]},{"@type":"WebSite","@id":"https:\/\/gitesbelesta66.com\/#website","url":"https:\/\/gitesbelesta66.com\/","name":"gitesbelesta66.com","description":"","publisher":{"@id":"https:\/\/gitesbelesta66.com\/#organization"},"potentialAction":[{"@type":"SearchAction","target":{"@type":"EntryPoint","urlTemplate":"https:\/\/gitesbelesta66.com\/?s={search_term_string}"},"query-input":{"@type":"PropertyValueSpecification","valueRequired":true,"valueName":"search_term_string"}}],"inLanguage":"fr-FR"},{"@type":"Organization","@id":"https:\/\/gitesbelesta66.com\/#organization","name":"gitesbelesta66.com","url":"https:\/\/gitesbelesta66.com\/","logo":{"@type":"ImageObject","inLanguage":"fr-FR","@id":"https:\/\/gitesbelesta66.com\/#\/schema\/logo\/image\/","url":"http:\/\/gitesbelesta66.com\/wp-content\/uploads\/2024\/12\/gites-les-maisons-du-bonheur-gites-belesta-logo.png","contentUrl":"http:\/\/gitesbelesta66.com\/wp-content\/uploads\/2024\/12\/gites-les-maisons-du-bonheur-gites-belesta-logo.png","width":230,"height":200,"caption":"gitesbelesta66.com"},"image":{"@id":"https:\/\/gitesbelesta66.com\/#\/schema\/logo\/image\/"}}]}},"_links":{"self":[{"href":"https:\/\/gitesbelesta66.com\/index.php\/wp-json\/wp\/v2\/pages\/4076","targetHints":{"allow":["GET"]}}],"collection":[{"href":"https:\/\/gitesbelesta66.com\/index.php\/wp-json\/wp\/v2\/pages"}],"about":[{"href":"https:\/\/gitesbelesta66.com\/index.php\/wp-json\/wp\/v2\/types\/page"}],"author":[{"embeddable":true,"href":"https:\/\/gitesbelesta66.com\/index.php\/wp-json\/wp\/v2\/users\/1"}],"replies":[{"embeddable":true,"href":"https:\/\/gitesbelesta66.com\/index.php\/wp-json\/wp\/v2\/comments?post=4076"}],"version-history":[{"count":10,"href":"https:\/\/gitesbelesta66.com\/index.php\/wp-json\/wp\/v2\/pages\/4076\/revisions"}],"predecessor-version":[{"id":4423,"href":"https:\/\/gitesbelesta66.com\/index.php\/wp-json\/wp\/v2\/pages\/4076\/revisions\/4423"}],"wp:attachment":[{"href":"https:\/\/gitesbelesta66.com\/index.php\/wp-json\/wp\/v2\/media?parent=4076"}],"curies":[{"name":"wp","href":"https:\/\/api.w.org\/{rel}","templated":true}]}}